{"id":7166,"date":"2020-10-02T09:10:20","date_gmt":"2020-10-02T07:10:20","guid":{"rendered":"https:\/\/myderm.com.pl\/salesmarket\/?page_id=7166"},"modified":"2022-09-01T09:18:07","modified_gmt":"2022-09-01T07:18:07","slug":"regulamin-i-polityka-prywatnosci","status":"publish","type":"page","link":"https:\/\/myderm.com.pl\/salesmarket\/regulamin-i-polityka-prywatnosci\/","title":{"rendered":"Regulamin i polityka prywatno\u015bci"},"content":{"rendered":"<h1>REGULAMIN BEZP\u0141ATNYCH OG\u0141OSZE\u0143 SALES MARKET<\/h1>\n<h3><strong>I Wst\u0119p:<\/strong><\/h3>\n<p>Niniejszy Regulamin zawiera:<\/p>\n<ul>\n<li>zasady zamieszczania reklamy\/og\u0142osze\u0144 bezp\u0142atnych, za po\u015brednictwem MyDerm Laboratories Sp. z o.o. emitowanych w wersji elektronicznej na stronie www.myderm.com.pl\/salesmarket<\/li>\n<li>zasady dost\u0119pu do Internetowych portali og\u0142oszeniowych www.myderm.com.pl\/salesmarket<\/li>\n<\/ul>\n<p>Ilekro\u0107 w regulaminie mowa b\u0119dzie o:<\/p>\n<p>Firmie\u00a0oznacza to MyDerm Laboratories sp. z o.o., z siedzib\u0105 w Lublinie, przy ul. Radzikowskiej 18, 20-403 Lublin, KRS:, REGON:, NIP: 9462657928, w\u0142a\u015bciciela strony internetowej www.myderm.com.pl<\/p>\n<p>Portalu Internetowym, oznacza to serwis og\u0142oszeniowy dost\u0119pny na stronie www.myderm.com.pl\/salesmarket<\/p>\n<p>Og\u0142oszeniach, oznacza to kr\u00f3tk\u0105 form\u0119 s\u0142own\u0105 w kt\u00f3rej autor og\u0142asza przedmiot\/us\u0142ug\u0119 oferowan\u0105 odbiorcy. Og\u0142oszenie opr\u00f3cz tre\u015bci s\u0142ownej mo\u017ce zawiera\u0107 zdj\u0119cia. Og\u0142oszenie nie mo\u017ce zawiera\u0107 odno\u015bnik\u00f3w do stron internetowych.<\/p>\n<p>Og\u0142oszeniodawcach, oznacza to osob\u0119 zamieszczaj\u0105c\u0105 og\u0142oszenia na portal.<\/p>\n<h3><strong>II Produkty i us\u0142ugi reklamowe:<\/strong><\/h3>\n<ol>\n<li>Na stronie <a href=\"http:\/\/www.myderm.com.pl\/salesmarket\">myderm.com.pl\/salesmarket<\/a>, dopuszczone jest zamieszczanie og\u0142osze\u0144 (po uprzedniej weryfikacji przez administratora).<\/li>\n<li>Na stronie <a href=\"http:\/\/www.myderm.com.pl\/salesmarket\">myderm.com.pl\/salesmarket<\/a>, mo\u017cna publikowa\u0107 wy\u0142\u0105cznie og\u0142oszenia sprzeda\u017cy lub ch\u0119ci zakupu produkt\u00f3w zwi\u0105zanych z bran\u017c\u0105 kosmetyczn\u0105, kosmetologii, medycyny estetycznej oraz pozosta\u0142ych produkt\u00f3w zwi\u0105zanych z dzia\u0142alno\u015bci\u0105 medyczn\u0105 z wy\u0142\u0105czeniem gotowych do iniekcji preparat\u00f3w.<\/li>\n<li><strong>Og\u0142oszenie internetowe powinno zawiera\u0107 dok\u0142adny opis oferowanego przedmiotu z numerem telefonu og\u0142oszeniodawcy oraz opcjonalnie adres e-mail. Dla lepszego zobrazowania oferowanego przedmiotu sugerujemy za\u0142\u0105czy\u0107 jego zdj\u0119cie. Mo\u017cliwe jest zamieszczenie 5 zdj\u0119\u0107 o maksymalnym rozmiarze 30MB w formacie jpg lub png.<\/strong><\/li>\n<li><strong>Og\u0142oszenie b\u0119dzie publikowane na stronie myderm.com.pl\/salesmarket przez okres 2 misi\u0119cy. Po okresie 2 miesi\u0119cy zostanie automatycznie usuni\u0119te ze strony.<\/strong><\/li>\n<li>Og\u0142oszenia internetowe s\u0105 emitowane wy\u0142\u0105cznie na stronie portalu og\u0142oszeniowego: <a href=\"http:\/\/www.myderm.com.pl\/salesmarket\">myderm.com.pl\/salesmarket<\/a> i s\u0105 zamieszczane bezp\u0142atnie.<\/li>\n<\/ol>\n<h3><strong>III. Post\u0119powanie reklamacyjne:<\/strong><\/h3>\n<ol>\n<li>U\u017cytkownik ma prawo zg\u0142asza\u0107 reklamacj\u0119, je\u017celi us\u0142ugi przewidziane w niniejszym Regulaminie nie s\u0105 realizowane przez Portal lub s\u0105 realizowane niezgodnie z postanowieniami Regulaminu.<\/li>\n<li>U\u017cytkownik ma prawo zg\u0142asza\u0107 reklamacje niewykonania b\u0105d\u017a nienale\u017cytego wykonania przez Portal us\u0142ugi w terminie 7 dni od dnia rozpocz\u0119cia emisji b\u0105d\u017a dnia, w kt\u00f3rym emisja powinna si\u0119 rozpocz\u0105\u0107. Portal mo\u017ce odm\u00f3wi\u0107 rozpatrzenia reklamacji z\u0142o\u017conych po up\u0142ywie 7 dni od daty rozpocz\u0119cia emisji.<\/li>\n<li>Reklamacj\u0119 mo\u017cna z\u0142o\u017cy\u0107 za pomoc\u0105 korespondencji elektronicznej na adres:\u00a0office@myderm.com.pl\u00a0lub on-line w zak\u0142adce \u201eKontakt\u201d.<\/li>\n<li>Reklamacja powinna zawiera\u0107 wskazanie danych U\u017cytkownika, numeru kontaktowego podanego przy og\u0142oszeniu, kt\u00f3rego dotyczy reklamacja, oraz dok\u0142adne opisanie powodu reklamacji.<\/li>\n<li>Je\u017celi podane w reklamacji dane lub informacje wymagaj\u0105 uzupe\u0142nienia, przed rozpatrzeniem reklamacji MyDerm Laboratories Sp. z o.o. zwraca si\u0119 do sk\u0142adaj\u0105cego reklamacj\u0119 o jej uzupe\u0142nienie we wskazanym zakresie.<\/li>\n<li>Reklamacje b\u0119d\u0105 rozpatrywane w terminie 7 dni roboczych od daty otrzymania prawid\u0142owo z\u0142o\u017conej reklamacji. U\u017cytkownik otrzyma informacj\u0119 o sposobie rozpatrzenia reklamacji drog\u0105 korespondencji elektronicznej pod wskazany adres e-mail.<\/li>\n<li>MyDerm Laboratories Sp. z o.o. ma prawo wstrzyma\u0107 emisj\u0119 og\u0142oszenia na podstawie otrzymanej wiarygodnej informacji, i\u017c tre\u015b\u0107 danego og\u0142oszenia jest niezgodna z przepisami powszechnie obowi\u0105zuj\u0105cego prawa lub narusza postanowienia niniejszego regulaminu.<\/li>\n<\/ol>\n<h3><strong>IV Postanowienia ko\u0144cowe:<\/strong><\/h3>\n<ol>\n<li>MyDerm Laboratories Sp. z o.o. zastrzega sobie prawo do odmowy umieszczenia og\u0142oszenia przes\u0142anego przez og\u0142oszeniodawc\u0119 bez podania przyczyny.<\/li>\n<li>MyDerm Laboratories Sp. z o.o. zastrzega sobie prawo odmowy emitowania og\u0142osze\u0144 zawieraj\u0105cych tre\u015bci okre\u015blone w prawie jako zabronione, jak r\u00f3wnie\u017c wtedy, gdy ich tre\u015b\u0107 pozostaje w sprzeczno\u015bci z lini\u0105 programow\u0105 i charakterem portalu oraz tre\u015bci sprzecznych z zasadami wsp\u00f3\u0142\u017cycia spo\u0142ecznego, a w szczeg\u00f3lno\u015bci:<\/li>\n<\/ol>\n<ul>\n<li>Godz\u0105cych w dobre imi\u0119 sp\u00f3\u0142ki MyDerm Laboratories,<\/li>\n<li>Niezwi\u0105zanych z bran\u017c\u0105 kosmetyczn\u0105, kosmetologiczn\u0105, medycyn\u0105 estetyczn\u0105 oraz pozosta\u0142ym zakresem medycznym.<\/li>\n<li>\u015arodk\u00f3w w obrocie farmaceutycznym i wyrob\u00f3w medycznych, a dok\u0142adnie gotowych preparat\u00f3w zwi\u0105zanych z iniekcj\u0105.<\/li>\n<li>Wszelkich og\u0142osze\u0144 zwi\u0105zanych z us\u0142ugami,<\/li>\n<li>Naruszaj\u0105cych normy moralne i obyczajowe, godno\u015b\u0107 cz\u0142owieka, uczucia religijne, przekonania polityczne oraz zwi\u0105zanych z dyskryminacj\u0105 rasow\u0105, dyskryminacj\u0105 p\u0142ciow\u0105 lub do nich nawo\u0142uj\u0105cych,<\/li>\n<li>Obel\u017cywych i zawieraj\u0105cych tre\u015bci erotyczne, bez wzgl\u0119du na no\u015bnik, na kt\u00f3rym zosta\u0142y zapisane,<\/li>\n<li>Zawieraj\u0105cych tre\u015bci naruszaj\u0105ce dobra osobiste lub dane osobowe os\u00f3b trzecich (konta bezp\u0142atnej poczty e-mail, konta komunikator\u00f3w internetowych),<\/li>\n<li>Zawieraj\u0105cych tre\u015bci dotycz\u0105ce sprzeda\u017cy organ\u00f3w i narz\u0105d\u00f3w ludzkich,<\/li>\n<li>Dotycz\u0105cych sprzeda\u017cy zwierz\u0105t i ro\u015blin<\/li>\n<li>Dotycz\u0105cych produkt\u00f3w spo\u017cywczych<\/li>\n<li>Zawieraj\u0105cych pro\u015bb\u0119 o wp\u0142at\u0119 \u015brodk\u00f3w pieni\u0119\u017cnych, np. na konto bankowe<\/li>\n<li>Dotycz\u0105cych sprzeda\u017cy i nabywania<br \/>\na) \u015brodk\u00f3w odurzaj\u0105cych, psychotropowych, dopalaczy,<br \/>\nb) \u015brodk\u00f3w pirotechnicznych<br \/>\nc) wszelkich \u015brodk\u00f3w chemicznych<br \/>\nd) napoj\u00f3w alkoholowych i wyrob\u00f3w tytoniowych,<br \/>\ne) towar\u00f3w (muzyka, filmy, oprogramowanie, prace maturalne, zaliczeniowe lub inne prace pisemne) naruszaj\u0105cych prawo autorskie (w\u0142asno\u015b\u0107 intelektualn\u0105 os\u00f3b trzecich) oraz towar\u00f3w naruszaj\u0105cych prawa w\u0142asno\u015bci (odmiany ro\u015blin chronionych)<\/li>\n<li>f) gier losowych, zak\u0142ad\u00f3w wzajemnych, gier cyklicznych, gier w karty (nie dotyczy gier sportowych), gier na automatach losowych, totalizator\u00f3w &#8211; w my\u015bl Ustawy z dnia 29.07.1992r. \u201eo grach i zak\u0142adach wzajemnych&#8221; (Dz. U. nr 4 poz. 27 z 2004r) zmienionej Ustaw\u0105 z dnia 19. 11.2009r. (Dz. U. nr 201 poz. 1540 z 2009r.)<\/li>\n<li>g) piramid finansowych, \u0142a\u0144cuszk\u00f3w szcz\u0119\u015bcia,<br \/>\ni) kod\u00f3w aktywacyjnych<\/li>\n<li>Dotycz\u0105cych obrotu i \u015bwiadcze\u0144 us\u0142ug przy pomocy produkt\u00f3w podrobionych, kt\u00f3rych oznakowanie mo\u017ce wprowadza\u0107 Klienta w b\u0142\u0105d i sugerowa\u0107 ich oryginalne pochodzenie, jako\u015b\u0107 i spos\u00f3b wytwarzania<\/li>\n<li>Broni i amunicji (zgodnie z definicj\u0105 art.4, art.5, art.7, art.8 i dalszych ustawy z dnia 21 maja 1999r. o \u201ebroni i amunicji&#8221;)<\/li>\n<li>Olej\u00f3w opa\u0142owych i nap\u0119dowych<\/li>\n<li>Produkt\u00f3w i us\u0142ug, kt\u00f3rych obr\u00f3t i wykonywanie podlega koncesji<\/li>\n<\/ul>\n<ol start=\"3\">\n<li>MyDerm Laboratories Sp. z o.o. nie ponosi odpowiedzialno\u015bci za przedmioty, stan oraz ich wysy\u0142k\u0119 oraz transport, kt\u00f3re zosta\u0142y zakupione od og\u0142oszeniodawcy. Zamieszczane og\u0142oszenia maj\u0105 charakter grzeczno\u015bciowy, a umowa zakupu\/sprzeda\u017cy jest wy\u0142\u0105cznie po stronie og\u0142oszeniodawcy i kupuj\u0105cego od niego przedmiot.<\/li>\n<li>Tre\u015b\u0107, forma i d\u0142ugo\u015b\u0107 og\u0142osze\u0144 musi by\u0107 zgodna z zasadami podawania og\u0142osze\u0144 obowi\u0105zuj\u0105cymi na stronie www.myderm.com.pl\/salesmarket.<\/li>\n<li>Og\u0142oszenia i zdj\u0119cia niezgodne z niniejszym Regulaminem i zasadami podawania og\u0142osze\u0144 nie b\u0119d\u0105 emitowane, za co MyDerm Laboratories Sp. z o.o. nie ponosi odpowiedzialno\u015bci i nie zwraca koszt\u00f3w poniesionych przez og\u0142oszeniodawc\u00f3w. Po podaniu og\u0142oszenia jego tre\u015b\u0107 trafia do weryfikacji (korekty) i dopiero po akceptacji og\u0142oszenie zostaje przekazane do emisji.<\/li>\n<li>MyDerm Laboratories Sp. z o.o. zastrzega sobie prawo do:<br \/>\n&#8211; przerw technicznych w funkcjonowaniu systemu podawania og\u0142osze\u0144 na portalach internetowych www.myderm.com.pl<br \/>\n&#8211; przerw technicznych w funkcjonowaniu systemu podawania og\u0142osze\u0144 wynik\u0142ych z przyczyn: si\u0142y wy\u017cszej, globalnej awarii sieci, awarii u operator\u00f3w sieci kom\u00f3rkowych lub innych czynnik\u00f3w niezale\u017cnych od MyDerm Laboratories Sp. z o.o.<\/li>\n<li>Portal zastrzega sobie prawo do zmiany termin\u00f3w przyjmowania og\u0142osze\u0144. Zmiany te mog\u0105 mie\u0107 charakter sta\u0142y lub przej\u015bciowy, np. z uwagi na \u015bwi\u0119ta, dni wolne od pracy. O stosownych zmianach Portal poinformuje na portalu.<\/li>\n<li>Zamieszczenie og\u0142oszenia bezp\u0142atnego na stronie <a href=\"http:\/\/www.myderm.com.pl\/salesmarket\">myderm.com.pl\/salesmarket<\/a> oraz b\u0119d\u0105cych w\u0142asno\u015bci\u0105 firmy portali Internetowych oznacza jednoczesne wyra\u017cenie zgody na otrzymanie przez og\u0142oszeniodawc\u0119 wiadomo\u015bci informacyjnych i reklamowych wysy\u0142anych przez MyDerm Laboratories sp. z o.o.<\/li>\n<li>Reklamodawca o\u015bwiadcza, \u017ce stosownie do tre\u015bci Art.23 ust.1 pkt1 Ustawy z dnia 29.08.1997r. &#8222;O ochronie danych osobowych&#8221; (Dz. U. Nr 133 poz.883) wyra\u017ca zgod\u0119 na przetwarzanie jego danych osobowych dla cel\u00f3w wynikaj\u0105cych z realizacji zlecenia reklamowego, w tym dla dochodzenia roszcze\u0144 firmy przed S\u0105dami Powszechnymi, ewentualnie prowadzenia egzekucji s\u0105dowej, a tak\u017ce w celach marketingowych i promocyjnych oraz umieszczenie ich w bazie adresowej\u00a0MyDerm Laboratories Sp. z o.o.,\u00a0Powy\u017csze dane Reklamodawca przekazuje dobrowolnie oraz ma prawo wgl\u0105du do w\/w danych.<\/li>\n<li>Regulamin wchodzi w \u017cycie z dniem 01.09.2022r.<\/li>\n<\/ol>\n<h1><\/h1>\n<h1><strong>POLITYKA PRYWATNO\u015aCI<\/strong><\/h1>\n<p>Szanowni Pa\u0144stwo,<\/p>\n<p>od 25 maja 2018 r. obowi\u0105zuj\u0105 nowe przepisy prawa o ochronie danych osobowych.<\/p>\n<p>Dbanie o bezpiecze\u0144stwo danych osobowych jest priorytetem i naszym obowi\u0105zkiem, dlatego przygotowali\u015bmy dla Pa\u0144stwa:<\/p>\n<p>\u2013 informacje dotycz\u0105ce zasad przetwarzania danych osobowych<\/p>\n<p>\u2013 regulamin bezpiecze\u0144stwa danych osobowych.<\/p>\n<p>W dokumentach zawarte s\u0105 informacje o przys\u0142uguj\u0105cych Pa\u0144stwu prawach w tym zakresie.<\/p>\n<p>Jednocze\u015bnie informujemy, \u017ce zgoda na przetwarzanie danych osobowych \u2013 RODO, jest dobrowolna, a tak\u017ce niezb\u0119dna do realizacji dzia\u0142a\u0144 zmierzaj\u0105cych do nawi\u0105zania wsp\u00f3\u0142pracy oraz kontynuacji wsp\u00f3\u0142pracy z nasz\u0105 Firm\u0105 (sprzeda\u017cy produktu, realizacji us\u0142ugi).<\/p>\n<p>W przypadku braku zgody na przetwarzanie danych osobowych \u2013 RODO prosimy o kontakt z nasz\u0105 Firm\u0105.<\/p>\n<p><strong>OBOWI\u0104<\/strong><strong>ZEK INFORMACYJNY RODO<\/strong><\/p>\n<p><strong>MyDerm<\/strong><strong>\u00a0Laboratories Sp. z o.o.<\/strong><\/p>\n<p>Ul. Radzikowska 18<br \/>\n20-403 Lublin<\/p>\n<p>KRS: 0000603935<\/p>\n<p>REGON: 363791517<\/p>\n<p>NIP: 9462657928<\/p>\n<p>Zgodnie z art.13 ust.1.i ust.2 Og\u00f3lnego Rozporz\u0105dzenia o Ochronie Danych Osobowych (RODO) z dnia 27 kwietnia 2016 r. w sprawie ochrony os\u00f3b fizycznych w zwi\u0105zku z przetwarzaniem danych osobowych i w sprawie swobodnego przep\u0142ywu takich danych oraz uchylenia dyrektyw 95\/46\/WE,<\/p>\n<p><strong>MyDerm<\/strong><strong>\u00a0Laboratories Sp. z o.o. (dalej jako Firma)<\/strong>\u00a0informuje, \u017ce:<\/p>\n<ol>\n<li>Administratorem Pa\u0144stwa danych osobowych jest MyDerm Laboratories Sp. z o.o.<\/li>\n<li>Administrator przetwarza dane w celu sprzeda\u017cy produktu lub realizacji us\u0142ugi.<\/li>\n<li>Podstaw\u0105 prawn\u0105 przetwarzania danych osobowych jest realizacja zam\u00f3wienia lub us\u0142ugi.<\/li>\n<li>Dane osobowe przetwarzane b\u0119d\u0105 do momentu cofni\u0119cia Zgody na przetwarzanie danych osobowych, a ka\u017cdorazowo nie d\u0142u\u017cej ni\u017c przez okres istnienia Administratora.<\/li>\n<li>Pa\u0144stwa dane osobowe s\u0105 zabezpieczone systemem komputerowym Firmy\u2013 do obs\u0142ugi Klient\u00f3w, potencjalnych Klient\u00f3w i kontrahent\u00f3w oraz je\u015bli dane s\u0105 w formie papierowej s\u0105 zabezpieczone poprzez zamkni\u0119cie w pomieszczeniu na klucz lub poprzez zamkni\u0119cie w szufladzie\/szafie na klucz.<\/li>\n<li>Pa\u0144stwa dane mog\u0105 podlega\u0107 profilowaniu ( przez Firm\u0119\/Administratora).<\/li>\n<li>Przys\u0142uguje Pa\u0144stwu prawo do dost\u0119pu do tre\u015bci danych oraz ich sprostowania, usuni\u0119cia oraz ograniczenia przetwarzania i przenoszenia danych, jak r\u00f3wnie\u017c prawo do cofni\u0119cia zgody w dowolnym momencie.<\/li>\n<li>Przys\u0142uguje Pa\u0144stwu prawo do wniesienia skargi do organu nadzorczego ( Prezes Urz\u0119du Ochrony Danych Osobowych).<\/li>\n<li>W trakcie nawi\u0105zywania wsp\u00f3\u0142pracy lub w trakcie jej trwania prosimy o podanie nast\u0119puj\u0105cych danych osobowych: imi\u0119, nazwisko, numer dowodu osobistego, numer NIP, adres zamieszkania, adres email, numer telefonu, dane do wystawienia faktury.<\/li>\n<li>Pa\u0144stwa dane pozyskali\u015bmy lub pozyskujemy:<\/li>\n<\/ol>\n<p>\u2013 bezpo\u015brednio od Pani\/Pana\/Pa\u0144stwa, gdy podali\u015bcie je nam na potrzeby nawi\u0105zaniu wsp\u00f3\u0142pracy lub jej kontynuacji;<\/p>\n<p>\u2013 ze \u017ar\u00f3de\u0142\u00a0dost\u0119pnych publicznie Krajowego Rejestru S\u0105dowego, Centralnej Ewidencji i Informacji o Dzia\u0142alno\u015bci Gospodarczej lub innych podobnych \u017ar\u00f3de\u0142, dotyczy to wy\u0142\u0105cznie przedsi\u0119biorc\u00f3w wpisanych do tych publicznych rejestr\u00f3w.<\/p>\n<ol start=\"11\">\n<li>Podanie danych by\u0142o i jest dobrowolne, a tak\u017ce niezb\u0119dne\u00a0<strong>do realizacji cel\u00f3w Firmy, w podj\u0119ciu dzia\u0142a\u0144 zmierzaj\u0105cych do nawi\u0105zania wsp\u00f3\u0142pracy oraz kontynuacji wsp\u00f3\u0142pracy (sprzeda\u017cy produktu, realizacji us\u0142ugi):<\/strong><\/li>\n<\/ol>\n<p>\u2013 w celu wys\u0142ania emailem, smsem, MMS-em, listem tradycyjnym, Poczt\u0105 Polsk\u0105, Poczt\u0105 Kuriersk\u0105 lub w celu przekazania telefonicznie i osobi\u015bcie: oferty Firmy, materia\u0142\u00f3w reklamowych, warunk\u00f3w wsp\u00f3\u0142pracy, cennika lub innych informacji w celach marketingu produkt\u00f3w i us\u0142ug oraz w celu zaproszenia na spotkanie bran\u017cowe, zaproszenia na targi bran\u017cowe lub w celu zorganizowania spotkania s\u0142u\u017cbowego<\/p>\n<p>\u2013 w celu podpisania umowy, podpisania kontraktu, wystawienia proformy, wystawienia faktury, wystawienia pokwitowania\/KP, wykonania przelewu, dostarczenia towaru (niezb\u0119dna dokumentacja), wystawienia dokumentacji s\u0142u\u017c\u0105cej do wykonania us\u0142ugi przez Firm\u0119<\/p>\n<p>\u2013 w celach zwi\u0105zanych z prowadzeniem statystyki sprzeda\u017cy produkt\u00f3w i us\u0142ug, przyjmowaniem referencji i opinii<\/p>\n<p>\u2013 w celach zwi\u0105zanych z post\u0119powaniem kontrolnym prowadzonym przez pa\u0144stwowe instytucje<\/p>\n<p>\u2013 w celach zwi\u0105zanych z rozpatrywaniem skarg i reklamacji dotycz\u0105cych sprzeda\u017cy i us\u0142ug \u015bwiadczonych przez Firm\u0119 oraz w przypadku, gdy znajdzie to zastosowanie, w celach zwi\u0105zanych z prowadzeniem post\u0119powa\u0144 spornych.<\/p>\n<ol start=\"12\">\n<li>Dane nie b\u0119d\u0105 nikomu udost\u0119pniane, poza sta\u0142emu kontrahentowi Firmy, kt\u00f3ry\u00a0\u015bwiadczy us\u0142ugi informatyczne w spos\u00f3b ci\u0105g\u0142y w Firmie, s\u0105\u00a0udost\u0119pniane dane tylko i wy\u0142\u0105cznie do cel\u00f3w tworzenia programu informatycznego i opieki nad nim oraz poza podmiotami, kt\u00f3re s\u0105 uprawnione do ich otrzymania na podstawie obowi\u0105zuj\u0105cych przepis\u00f3w prawa.<\/li>\n<li>Administrator dok\u0142ada wszelkich stara\u0144 , aby zapewni\u0107 wszelkie \u015brodki fizycznej, technicznej oraz organizacyjnej ochrony danych osobowych przed ich przypadkowym lub umy\u015blnym zniszczeniem, przypadkow\u0105\u00a0utrat\u0105, zmian\u0105, nieuprawnionym ujawnieniem, wykorzystaniem, czy dost\u0119pem, zgodnie ze wszystkimi obowi\u0105zuj\u0105cymi przepisami.<\/li>\n<li>Z MyDerm Laboratories Sp. z o.o. mo\u017cna skontaktowa\u0107 si\u0119 telefonicznie pod numerem telefonu: + 48 503 088748 lub poczt\u0105 elektroniczn\u0105 pod adresem: office@myderm.com.pl poczt\u0105 tradycyjn\u0105 na adres:<\/li>\n<\/ol>\n<p>MyDerm Laboratories sp. z o.o.<\/p>\n<p>Ul. Aleja Chopina 36A,<\/p>\n<p>05-092 \u0141omianki<\/p>\n<p><strong>REGULAMIN BEZPIECZE<\/strong><strong>\u0143<\/strong><strong>STWA DANYCH OSOBOWYCH KLIENT<\/strong><strong>\u00d3<\/strong><strong>W, POTENCJALNYCH KLIENT<\/strong><strong>\u00d3<\/strong><strong>W I KONTRAHENT<\/strong><strong>\u00d3W<\/strong><\/p>\n<p><strong>MyDerm<\/strong><strong>\u00a0Laboratories Sp. z o.o.<\/strong><\/p>\n<ol>\n<li>Administratorem Pa\u0144stwa danych osobowych jest\u00a0<strong>MyDerm <\/strong><strong>Laboratories Sp. z o.o.<\/strong><\/li>\n<li>Administrator przetwarza dane w celu sprzeda\u017cy produktu lub realizacji us\u0142ugi.<\/li>\n<li>W trakcie nawi\u0105zywania wsp\u00f3\u0142pracy lub w trakcie jej trwania Firma prosi o podanie nast\u0119puj\u0105cych danych osobowych: imi\u0119, nazwisko, numer dowodu osobistego, numer NIP, adres zamieszkania, adres email, numer telefonu, dane do wystawienia faktury.<\/li>\n<li>Pa\u0144stwa dane Firma pozyska\u0142a lub pozyskuje:<\/li>\n<\/ol>\n<p>\u2013 bezpo\u015brednio od Pani\/Pana\/Pa\u0144stwa, gdy podali\u015bcie ja nam na potrzeby nawi\u0105zaniu wsp\u00f3\u0142pracy lub jej kontynuacji;<\/p>\n<p>\u2013 ze \u017ar\u00f3de\u0142\u00a0dost\u0119pnych publicznie Krajowego Rejestru S\u0105dowego, Centralnej Ewidencji i Informacji o Dzia\u0142alno\u015bci Gospodarczej lub innych podobnych \u017ar\u00f3de\u0142 \u2013 dotyczy to wy\u0142\u0105cznie przedsi\u0119biorc\u00f3w wpisanych do tych publicznych rejestr\u00f3w.<\/p>\n<ol start=\"5\">\n<li>Dane osobowe s\u0105 przetwarzane i zabezpieczone w systemie komputerowym Firmy oraz je\u015bli dane s\u0105 w formie papierowej s\u0105 zabezpieczone poprzez zamkni\u0119cie w pomieszczeniu na klucz lub poprzez zamkni\u0119cie w szufladzie\/szafie na klucz.<\/li>\n<li>W trakcie godzin pracy Firmy dane osobowe dost\u0119pne w systemie Firmy s\u0105 niewidoczne dla innych os\u00f3b przebywaj\u0105cych na terenie Firmy.<\/li>\n<li>Pracownicy i Zleceniobiorcy Firmy przestrzegaj\u0105 wszelkich procedur niezb\u0119dnych do zabezpieczenia danych osobowych.<\/li>\n<li>Z MyDerm Laboratories Sp. z o.o. mo\u017cna skontaktowa\u0107 si\u0119 telefonicznie pod numerami telefonu tel.:: +48 503 088 748 lub poczt\u0105 elektroniczn\u0105 pod adresem office@myderm.com.pl<\/li>\n<\/ol>\n<p>&nbsp;<\/p>\n","protected":false},"excerpt":{"rendered":"<p>REGULAMIN BEZP\u0141ATNYCH OG\u0141OSZE\u0143 SALES MARKET I Wst\u0119p: Niniejszy Regulamin zawiera: zasady zamieszczania reklamy\/og\u0142osze\u0144 bezp\u0142atnych, za po\u015brednictwem MyDerm Laboratories Sp. z<\/p>\n","protected":false},"author":1,"featured_media":0,"parent":0,"menu_order":0,"comment_status":"closed","ping_status":"closed","template":"","meta":[],"_links":{"self":[{"href":"https:\/\/myderm.com.pl\/salesmarket\/wp-json\/wp\/v2\/pages\/7166"}],"collection":[{"href":"https:\/\/myderm.com.pl\/salesmarket\/wp-json\/wp\/v2\/pages"}],"about":[{"href":"https:\/\/myderm.com.pl\/salesmarket\/wp-json\/wp\/v2\/types\/page"}],"author":[{"embeddable":true,"href":"https:\/\/myderm.com.pl\/salesmarket\/wp-json\/wp\/v2\/users\/1"}],"replies":[{"embeddable":true,"href":"https:\/\/myderm.com.pl\/salesmarket\/wp-json\/wp\/v2\/comments?post=7166"}],"version-history":[{"count":15,"href":"https:\/\/myderm.com.pl\/salesmarket\/wp-json\/wp\/v2\/pages\/7166\/revisions"}],"predecessor-version":[{"id":8742,"href":"https:\/\/myderm.com.pl\/salesmarket\/wp-json\/wp\/v2\/pages\/7166\/revisions\/8742"}],"wp:attachment":[{"href":"https:\/\/myderm.com.pl\/salesmarket\/wp-json\/wp\/v2\/media?parent=7166"}],"curies":[{"name":"wp","href":"https:\/\/api.w.org\/{rel}","templated":true}]}}